{"id":653,"date":"2024-04-18T14:17:02","date_gmt":"2024-04-18T12:17:02","guid":{"rendered":"https:\/\/wp.kyubeek.com\/?post_type=product&#038;p=653"},"modified":"2024-04-19T14:37:54","modified_gmt":"2024-04-19T12:37:54","slug":"kit-xlim-pro-oxva","status":"publish","type":"product","link":"https:\/\/wp.kyubeek.com\/?product=kit-xlim-pro-oxva","title":{"rendered":"Kit Xlim Pro Oxva"},"content":{"rendered":"<h2><strong>Un pod r\u00e9glable, simple d&rsquo;utilisation et autonome<\/strong><\/h2>\n<p>Son petit format ne l&#8217;emp\u00eache pas d&rsquo;avoir tout d&rsquo;un grand : il pourra se r\u00e9gler jusqu&rsquo;\u00e0 30W, b\u00e9n\u00e9ficie d&rsquo;une activation via bouton ou \u00e0 l&rsquo;inhalation et se r\u00e8gle automatiquement \u00e0 la puissance de la cartouche.<\/p>\n<p>Avec son autonomie de 1000 mAh, son \u00e9cran avec t\u00e9moin de batterie et sa charge rapide par USB-C, vous ne serez jamais \u00e0 court de batterie !<\/p>\n<h2><strong>Une cartouche anti fuite<\/strong><\/h2>\n<p>La cartouche Xlim se remplit sans l&rsquo;enlever, pratique ! Elle restituera au mieux les saveurs gr\u00e2ce \u00e0 sa conception en mesh.<\/p>\n<p>4 cartouches diff\u00e9rentes sont disponibles \u00e0 la vente afin que vous puissiez choisir celle qui conviendra le mieux \u00e0 votre tirage.<\/p>\n<p>Conscient que les fuites sont d\u00e9sagr\u00e9ables pour les vapoteurs, Oxva a travaill\u00e9 sur une cartouche qui limite au maximum le risque de fuite<\/p>\n<p>&nbsp;<\/p>\n","protected":false},"excerpt":{"rendered":"<p>Batterie : 1000 mAh int\u00e9gr\u00e9e<\/p>\n<p>Cartouche : 2ML<\/p>\n<p>Puissance : 30W max.<\/p>\n<p>R\u00e9glable : Oui<\/p>\n<p>Airflow : Oui<\/p>\n<p>Dimensions : 111mm x 25mm x 14,3mm<\/p>\n<p>Inhalation : MTL \/ Tirage Serr\u00e9 &#8211; RDL \/ Entre le tirage serr\u00e9 et le tirage ouvert<\/p>\n<p>Type de r\u00e9sistance : Cartouche Xlim (2 incluses)<\/p>\n<p>e-liquide 10ml au choix <strong>OFFERT<\/strong><\/p>\n","protected":false},"featured_media":658,"comment_status":"open","ping_status":"closed","template":"","meta":{"_et_pb_use_builder":"off","_et_pb_old_content":"<h2><strong>Le kit id\u00e9al pour d\u00e9buter en toute simplicit\u00e9<\/strong><\/h2>\r\nSans bouton, sans r\u00e9glages et avec un remplissage lat\u00e9ral simple, le kit Klypse rend l'acc\u00e8s au vapotage facile.\r\n\r\nIl suffit de remplir la cartouche et c'est pr\u00eat !\r\n\r\nAvec une autonomie de 700 mAh optimis\u00e9e pour son design compact, sa charge rapide par USB-C et gr\u00e2ce \u00e0 sa cartouche peu \u00e9nergivore, le Klypse de chez Innokin restera performant tout au long de votre journ\u00e9e","_et_gb_content_width":""},"product_cat":[27,25],"product_tag":[],"class_list":{"0":"post-653","1":"product","2":"type-product","3":"status-publish","4":"has-post-thumbnail","6":"product_cat-e-cigarettes","7":"product_cat-cigarette-electronique","9":"first","10":"instock","11":"taxable","12":"shipping-taxable","13":"purchasable","14":"product-type-variable","15":"has-default-attributes"},"_links":{"self":[{"href":"https:\/\/wp.kyubeek.com\/index.php?rest_route=\/wp\/v2\/product\/653","targetHints":{"allow":["GET"]}}],"collection":[{"href":"https:\/\/wp.kyubeek.com\/index.php?rest_route=\/wp\/v2\/product"}],"about":[{"href":"https:\/\/wp.kyubeek.com\/index.php?rest_route=\/wp\/v2\/types\/product"}],"replies":[{"embeddable":true,"href":"https:\/\/wp.kyubeek.com\/index.php?rest_route=%2Fwp%2Fv2%2Fcomments&post=653"}],"wp:featuredmedia":[{"embeddable":true,"href":"https:\/\/wp.kyubeek.com\/index.php?rest_route=\/wp\/v2\/media\/658"}],"wp:attachment":[{"href":"https:\/\/wp.kyubeek.com\/index.php?rest_route=%2Fwp%2Fv2%2Fmedia&parent=653"}],"wp:term":[{"taxonomy":"product_cat","embeddable":true,"href":"https:\/\/wp.kyubeek.com\/index.php?rest_route=%2Fwp%2Fv2%2Fproduct_cat&post=653"},{"taxonomy":"product_tag","embeddable":true,"href":"https:\/\/wp.kyubeek.com\/index.php?rest_route=%2Fwp%2Fv2%2Fproduct_tag&post=653"}],"curies":[{"name":"wp","href":"https:\/\/api.w.org\/{rel}","templated":true}]}}