{"id":644,"date":"2024-04-12T14:49:08","date_gmt":"2024-04-12T12:49:08","guid":{"rendered":"https:\/\/wp.kyubeek.com\/?post_type=product&#038;p=644"},"modified":"2024-04-12T14:49:08","modified_gmt":"2024-04-12T12:49:08","slug":"kit-aegis-legend-l200-geekvape-2-accus-inclus","status":"publish","type":"product","link":"https:\/\/wp.kyubeek.com\/?product=kit-aegis-legend-l200-geekvape-2-accus-inclus","title":{"rendered":"Kit Aegis Legend L200 Geekvape (2 accus inclus)"},"content":{"rendered":"<h2><strong>Un kit tout terrain et endurant<\/strong><\/h2>\n<p>Certifi\u00e9e IP68, la Box Aegis r\u00e9siste \u00e0 l&rsquo;eau et \u00e0 la poussi\u00e8re !<\/p>\n<p>L&rsquo;assemblage de mat\u00e9riaux ultra-r\u00e9sistants assurera la robustesse n\u00e9cessaire \u00e0 votre box tout en restant compacte<\/p>\n<p>Avec ses 2 accus fournies, b\u00e9n\u00e9ficiez d&rsquo;une excellente autonomie tout au long de la journ\u00e9e<\/p>\n<h2><strong>Une vape a\u00e9rienne et puissante<\/strong><\/h2>\n<p>Avec le Zeus subhom coupl\u00e9 \u00e0 la puissance de la box Aegis, \u00e0 vous la grosse production de vapeur ainsi que les saveurs boost\u00e9es !<\/p>\n<p>L&rsquo;airflow situ\u00e9 en haut du clearo vous permettra une vape sans fuite (nous vous conseillons tout de m\u00eame d&rsquo;utiliser des liquides \u00ab\u00a0\u00e9pais\u00a0\u00bb, minimum 50VG)<\/p>\n<p>&nbsp;<\/p>\n","protected":false},"excerpt":{"rendered":"<p>Batterie : 2 accus 2500 mAh (inclus)<\/p>\n<p>Cartouche : 5,5ML<\/p>\n<p>Puissance : 200W max.<\/p>\n<p>R\u00e9glable : Oui<\/p>\n<p>Airflow : Oui, haut<\/p>\n<p>Dimensions : 148mm x54mm x 28mm<\/p>\n<p>Inhalation : DL \/ Tirage Ouvert<\/p>\n<p>Type de r\u00e9sistance : R\u00e9sistance Z series Geekvape (2 fournies)<\/p>\n<p>e-liquide 10ml au choix <strong>OFFERT<\/strong><\/p>\n","protected":false},"featured_media":645,"comment_status":"open","ping_status":"closed","template":"","meta":{"_et_pb_use_builder":"","_et_pb_old_content":"","_et_gb_content_width":""},"product_cat":[27,25],"product_tag":[],"class_list":{"0":"post-644","1":"product","2":"type-product","3":"status-publish","4":"has-post-thumbnail","6":"product_cat-e-cigarettes","7":"product_cat-cigarette-electronique","9":"first","10":"instock","11":"taxable","12":"shipping-taxable","13":"purchasable","14":"product-type-variable"},"_links":{"self":[{"href":"https:\/\/wp.kyubeek.com\/index.php?rest_route=\/wp\/v2\/product\/644","targetHints":{"allow":["GET"]}}],"collection":[{"href":"https:\/\/wp.kyubeek.com\/index.php?rest_route=\/wp\/v2\/product"}],"about":[{"href":"https:\/\/wp.kyubeek.com\/index.php?rest_route=\/wp\/v2\/types\/product"}],"replies":[{"embeddable":true,"href":"https:\/\/wp.kyubeek.com\/index.php?rest_route=%2Fwp%2Fv2%2Fcomments&post=644"}],"wp:featuredmedia":[{"embeddable":true,"href":"https:\/\/wp.kyubeek.com\/index.php?rest_route=\/wp\/v2\/media\/645"}],"wp:attachment":[{"href":"https:\/\/wp.kyubeek.com\/index.php?rest_route=%2Fwp%2Fv2%2Fmedia&parent=644"}],"wp:term":[{"taxonomy":"product_cat","embeddable":true,"href":"https:\/\/wp.kyubeek.com\/index.php?rest_route=%2Fwp%2Fv2%2Fproduct_cat&post=644"},{"taxonomy":"product_tag","embeddable":true,"href":"https:\/\/wp.kyubeek.com\/index.php?rest_route=%2Fwp%2Fv2%2Fproduct_tag&post=644"}],"curies":[{"name":"wp","href":"https:\/\/api.w.org\/{rel}","templated":true}]}}