{"id":270,"date":"2024-03-29T18:03:29","date_gmt":"2024-03-29T17:03:29","guid":{"rendered":"https:\/\/wp.kyubeek.com\/?post_type=product&#038;p=270"},"modified":"2024-04-09T14:55:26","modified_gmt":"2024-04-09T12:55:26","slug":"liquide-cola-50ml-granita-alfaliquid-extra-fresh-ou-soft-fresh","status":"publish","type":"product","link":"https:\/\/wp.kyubeek.com\/?product=liquide-cola-50ml-granita-alfaliquid-extra-fresh-ou-soft-fresh","title":{"rendered":"Liquide Granita 50ML &#8211; alfaliquid"},"content":{"rendered":"<p>Imaginez, vous \u00eates au soleil, en bord de mer, sur une plage de sable chaud et il ne manque plus qu\u2019une chose. Fermez les yeux, go\u00fbtez et frissonnez de plaisir\u2026 C\u2019est profond, c\u2019est fruit\u00e9 et en plus c\u2019est givr\u00e9 comme il faut\u2026<\/p>\n<p>D\u00e9couvrez une collection aux m\u00e9langes sucr\u00e9s et gourmands, boost\u00e9s par un effet givr\u00e9 bluffant de r\u00e9alisme !<\/p>\n<p>Format 50ML sans nicotine surboost\u00e9 en ar\u00f4mes<\/p>\n<p>PG\/VG 50\/50<\/p>\n<p><em>E-liquide 100% Fran\u00e7ais<\/em><\/p>\n<p>Pour obtenir 60 ml de votre e-liquide dos\u00e9 en 3 MG\/ML, ajoutez 1 booster de nicotine 10 ML en 20 MG\/ML<\/p>\n<p>Pour obtenir 70 ml de votre e-liquide dos\u00e9 en 6 MG\/ML, ajoutez 2 boosters de nicotine 10 ML en 20 MG\/ML<\/p>\n","protected":false},"excerpt":{"rendered":"<p>Alfaliquid signe une collaboration exclusive avec la c\u00e9l\u00e8bre marque Granita et propose des e-liquides pour cigarette \u00e9lectronique !<\/p>\n<p>D\u00e9couvrez 6 combinaisons de saveurs estivales : Cola, Tropical Bleu mais aussi Fruits Rouges, Fraise\/Fruit du Dragon, Citron Vert\/Melon ou encore M\u00fbre\/Cassis en version Fresh ou Extra Fresh !<\/p>\n<p>Format 50ML sans nicotine surboost\u00e9 en ar\u00f4mes<\/p>\n<p>PG\/VG 50\/50<\/p>\n<p>100% Fran\u00e7ais<\/p>\n<p>&nbsp;<\/p>\n<p>&nbsp;<\/p>\n<p>&nbsp;<\/p>\n<p>&nbsp;<\/p>\n","protected":false},"featured_media":539,"comment_status":"open","ping_status":"closed","template":"","meta":{"_et_pb_use_builder":"","_et_pb_old_content":"","_et_gb_content_width":""},"product_cat":[26,25],"product_tag":[],"class_list":{"0":"post-270","1":"product","2":"type-product","3":"status-publish","4":"has-post-thumbnail","6":"product_cat-e-liquides","7":"product_cat-cigarette-electronique","9":"first","10":"instock","11":"taxable","12":"shipping-taxable","13":"purchasable","14":"product-type-variable","15":"has-default-attributes"},"_links":{"self":[{"href":"https:\/\/wp.kyubeek.com\/index.php?rest_route=\/wp\/v2\/product\/270","targetHints":{"allow":["GET"]}}],"collection":[{"href":"https:\/\/wp.kyubeek.com\/index.php?rest_route=\/wp\/v2\/product"}],"about":[{"href":"https:\/\/wp.kyubeek.com\/index.php?rest_route=\/wp\/v2\/types\/product"}],"replies":[{"embeddable":true,"href":"https:\/\/wp.kyubeek.com\/index.php?rest_route=%2Fwp%2Fv2%2Fcomments&post=270"}],"wp:featuredmedia":[{"embeddable":true,"href":"https:\/\/wp.kyubeek.com\/index.php?rest_route=\/wp\/v2\/media\/539"}],"wp:attachment":[{"href":"https:\/\/wp.kyubeek.com\/index.php?rest_route=%2Fwp%2Fv2%2Fmedia&parent=270"}],"wp:term":[{"taxonomy":"product_cat","embeddable":true,"href":"https:\/\/wp.kyubeek.com\/index.php?rest_route=%2Fwp%2Fv2%2Fproduct_cat&post=270"},{"taxonomy":"product_tag","embeddable":true,"href":"https:\/\/wp.kyubeek.com\/index.php?rest_route=%2Fwp%2Fv2%2Fproduct_tag&post=270"}],"curies":[{"name":"wp","href":"https:\/\/api.w.org\/{rel}","templated":true}]}}