{"id":250,"date":"2024-03-29T15:32:05","date_gmt":"2024-03-29T14:32:05","guid":{"rendered":"https:\/\/wp.kyubeek.com\/?post_type=product&#038;p=250"},"modified":"2024-04-09T16:38:10","modified_gmt":"2024-04-09T14:38:10","slug":"liquide-ragnarok-10ml-al","status":"publish","type":"product","link":"https:\/\/wp.kyubeek.com\/?product=liquide-ragnarok-10ml-al","title":{"rendered":"Liquide Ragnarok 10ML &#8211; A&#038;L"},"content":{"rendered":"<p>Dans le e-liquide Ragnarok de chez A&amp;L, vous retrouverez sa c\u00e9l\u00e8bre arm\u00e9e de fruits rouges, dirig\u00e9e par un cassis intense, mais \u00e9galement sa puissante fraicheur givr\u00e9e.<\/p>\n<p>Id\u00e9al pour d\u00e9buter, son go\u00fbt comme son format font de lui LE e-liquide pr\u00eat \u00e0 vaper \u00e0 ne pas manquer.<\/p>\n<p>Format 10ML<\/p>\n<p>PG\/VG 50\/50<\/p>\n<p><em>E-liquide fabriqu\u00e9 en France<\/em><\/p>\n","protected":false},"excerpt":{"rendered":"<p>Fruits rouges, cassis, fra\u00eecheur<\/p>\n<p>Format 10ML<\/p>\n<p>PG\/VG 50\/50<\/p>\n<p>&nbsp;<\/p>\n","protected":false},"featured_media":251,"comment_status":"open","ping_status":"closed","template":"","meta":{"_et_pb_use_builder":"","_et_pb_old_content":"","_et_gb_content_width":""},"product_cat":[26,25],"product_tag":[],"class_list":{"0":"post-250","1":"product","2":"type-product","3":"status-publish","4":"has-post-thumbnail","6":"product_cat-e-liquides","7":"product_cat-cigarette-electronique","9":"first","10":"instock","11":"taxable","12":"shipping-taxable","13":"purchasable","14":"product-type-variable","15":"has-default-attributes"},"_links":{"self":[{"href":"https:\/\/wp.kyubeek.com\/index.php?rest_route=\/wp\/v2\/product\/250","targetHints":{"allow":["GET"]}}],"collection":[{"href":"https:\/\/wp.kyubeek.com\/index.php?rest_route=\/wp\/v2\/product"}],"about":[{"href":"https:\/\/wp.kyubeek.com\/index.php?rest_route=\/wp\/v2\/types\/product"}],"replies":[{"embeddable":true,"href":"https:\/\/wp.kyubeek.com\/index.php?rest_route=%2Fwp%2Fv2%2Fcomments&post=250"}],"wp:featuredmedia":[{"embeddable":true,"href":"https:\/\/wp.kyubeek.com\/index.php?rest_route=\/wp\/v2\/media\/251"}],"wp:attachment":[{"href":"https:\/\/wp.kyubeek.com\/index.php?rest_route=%2Fwp%2Fv2%2Fmedia&parent=250"}],"wp:term":[{"taxonomy":"product_cat","embeddable":true,"href":"https:\/\/wp.kyubeek.com\/index.php?rest_route=%2Fwp%2Fv2%2Fproduct_cat&post=250"},{"taxonomy":"product_tag","embeddable":true,"href":"https:\/\/wp.kyubeek.com\/index.php?rest_route=%2Fwp%2Fv2%2Fproduct_tag&post=250"}],"curies":[{"name":"wp","href":"https:\/\/api.w.org\/{rel}","templated":true}]}}