{"id":247,"date":"2024-03-29T15:07:11","date_gmt":"2024-03-29T14:07:11","guid":{"rendered":"https:\/\/wp.kyubeek.com\/?post_type=product&#038;p=247"},"modified":"2024-04-05T16:24:14","modified_gmt":"2024-04-05T14:24:14","slug":"liquide-red-astaire-10ml-t-juice","status":"publish","type":"product","link":"https:\/\/wp.kyubeek.com\/?product=liquide-red-astaire-10ml-t-juice","title":{"rendered":"Liquide Red Astaire 10ML &#8211; T-Juice"},"content":{"rendered":"<p>Cet incontournable de la vape opte pour les saveurs \u00e9quilibr\u00e9es de quelques\u00a0fruits rouges\u00a0et d\u2019une grappe de\u00a0raisin noir\u00a0pour agr\u00e9menter sa recette.<\/p>\n<p>S\u2019ajoutent \u00e0 ce subtil m\u00e9lange un soup\u00e7on d\u2019eucalyptus\u00a0et une note d\u2019anis\u00a0pour un rendu tr\u00e8s aromatique<\/p>\n<p>PG\/VG 50\/50 (40\/60 le 50ML)<\/p>\n<p><em>E-liquide fabriqu\u00e9 au Royaume-Uni<\/em><\/p>\n","protected":false},"excerpt":{"rendered":"<p>Fruits rouges, raisin, eucalyptus, anis, fra\u00eecheur<\/p>\n<p>&nbsp;<\/p>\n<p>&nbsp;<\/p>\n","protected":false},"featured_media":248,"comment_status":"open","ping_status":"closed","template":"","meta":{"_et_pb_use_builder":"","_et_pb_old_content":"","_et_gb_content_width":""},"product_cat":[26,25],"product_tag":[],"class_list":{"0":"post-247","1":"product","2":"type-product","3":"status-publish","4":"has-post-thumbnail","6":"product_cat-e-liquides","7":"product_cat-cigarette-electronique","9":"first","10":"instock","11":"taxable","12":"shipping-taxable","13":"purchasable","14":"product-type-variable"},"_links":{"self":[{"href":"https:\/\/wp.kyubeek.com\/index.php?rest_route=\/wp\/v2\/product\/247","targetHints":{"allow":["GET"]}}],"collection":[{"href":"https:\/\/wp.kyubeek.com\/index.php?rest_route=\/wp\/v2\/product"}],"about":[{"href":"https:\/\/wp.kyubeek.com\/index.php?rest_route=\/wp\/v2\/types\/product"}],"replies":[{"embeddable":true,"href":"https:\/\/wp.kyubeek.com\/index.php?rest_route=%2Fwp%2Fv2%2Fcomments&post=247"}],"wp:featuredmedia":[{"embeddable":true,"href":"https:\/\/wp.kyubeek.com\/index.php?rest_route=\/wp\/v2\/media\/248"}],"wp:attachment":[{"href":"https:\/\/wp.kyubeek.com\/index.php?rest_route=%2Fwp%2Fv2%2Fmedia&parent=247"}],"wp:term":[{"taxonomy":"product_cat","embeddable":true,"href":"https:\/\/wp.kyubeek.com\/index.php?rest_route=%2Fwp%2Fv2%2Fproduct_cat&post=247"},{"taxonomy":"product_tag","embeddable":true,"href":"https:\/\/wp.kyubeek.com\/index.php?rest_route=%2Fwp%2Fv2%2Fproduct_tag&post=247"}],"curies":[{"name":"wp","href":"https:\/\/api.w.org\/{rel}","templated":true}]}}