{"id":244,"date":"2024-03-29T14:34:51","date_gmt":"2024-03-29T13:34:51","guid":{"rendered":"https:\/\/wp.kyubeek.com\/?post_type=product&#038;p=244"},"modified":"2024-04-09T15:38:01","modified_gmt":"2024-04-09T13:38:01","slug":"liquide-heisenberg-10ml-vampire-vape","status":"publish","type":"product","link":"https:\/\/wp.kyubeek.com\/?product=liquide-heisenberg-10ml-vampire-vape","title":{"rendered":"Liquide Heisenberg 10ML &#8211; Vampire Vape"},"content":{"rendered":"<p>Une recette secre\u0300te qui ne peut e\u0302tre de\u0301crite que comme le pe\u0300re de tous les All Day.<\/p>\n<p>Une note fruite\u0301e et un arrie\u0300re-gou\u0302t de cristal frais qui vous rendra curieux et plus de\u0301sireux<\/p>\n<p>Format 10ML<\/p>\n<p>PG\/VG 60\/40 (50\/50 pour le 3MG\/ML)<\/p>\n<p><em>E-liquide fabriqu\u00e9 au Royaume-Uni<\/em><\/p>\n","protected":false},"excerpt":{"rendered":"<p>Recette secr\u00e8te \u00e0 base de fruits rouges, fruits de baies et fra\u00eecheur<\/p>\n<p>Format 10ML<\/p>\n<p>PG\/VG 60\/40 (50\/50 pour le 3MG\/ML)<\/p>\n<p>&nbsp;<\/p>\n","protected":false},"featured_media":243,"comment_status":"open","ping_status":"closed","template":"","meta":{"_et_pb_use_builder":"","_et_pb_old_content":"","_et_gb_content_width":""},"product_cat":[26,25],"product_tag":[],"class_list":{"0":"post-244","1":"product","2":"type-product","3":"status-publish","4":"has-post-thumbnail","6":"product_cat-e-liquides","7":"product_cat-cigarette-electronique","9":"first","10":"instock","11":"taxable","12":"shipping-taxable","13":"purchasable","14":"product-type-variable","15":"has-default-attributes"},"_links":{"self":[{"href":"https:\/\/wp.kyubeek.com\/index.php?rest_route=\/wp\/v2\/product\/244","targetHints":{"allow":["GET"]}}],"collection":[{"href":"https:\/\/wp.kyubeek.com\/index.php?rest_route=\/wp\/v2\/product"}],"about":[{"href":"https:\/\/wp.kyubeek.com\/index.php?rest_route=\/wp\/v2\/types\/product"}],"replies":[{"embeddable":true,"href":"https:\/\/wp.kyubeek.com\/index.php?rest_route=%2Fwp%2Fv2%2Fcomments&post=244"}],"wp:featuredmedia":[{"embeddable":true,"href":"https:\/\/wp.kyubeek.com\/index.php?rest_route=\/wp\/v2\/media\/243"}],"wp:attachment":[{"href":"https:\/\/wp.kyubeek.com\/index.php?rest_route=%2Fwp%2Fv2%2Fmedia&parent=244"}],"wp:term":[{"taxonomy":"product_cat","embeddable":true,"href":"https:\/\/wp.kyubeek.com\/index.php?rest_route=%2Fwp%2Fv2%2Fproduct_cat&post=244"},{"taxonomy":"product_tag","embeddable":true,"href":"https:\/\/wp.kyubeek.com\/index.php?rest_route=%2Fwp%2Fv2%2Fproduct_tag&post=244"}],"curies":[{"name":"wp","href":"https:\/\/api.w.org\/{rel}","templated":true}]}}