{"id":189,"date":"2024-04-03T11:30:42","date_gmt":"2024-04-03T09:30:42","guid":{"rendered":"https:\/\/wp.kyubeek.com\/?post_type=product&#038;p=189"},"modified":"2024-04-19T14:37:33","modified_gmt":"2024-04-19T12:37:33","slug":"kit-klypse-innokin","status":"publish","type":"product","link":"https:\/\/wp.kyubeek.com\/?product=kit-klypse-innokin","title":{"rendered":"Kit Klypse Innokin"},"content":{"rendered":"<h2><strong>Le kit id\u00e9al pour d\u00e9buter<\/strong><\/h2>\n<p>Pas de bouton, pas de r\u00e9glages, un remplissage lat\u00e9ral simple, le kit Klypse rend l&rsquo;acc\u00e8s au vapotage facile.<\/p>\n<p>Il suffit de remplir la cartouche et c&rsquo;est pr\u00eat !<\/p>\n<p>Avec son autonomie de 700 mAh optimis\u00e9e pour son design compact, sa charge rapide par USB-C et gr\u00e2ce \u00e0 sa cartouche peu \u00e9nergivore, le Klypse restera performant tout au long de la journ\u00e9e<\/p>\n<h2><strong>Une cartouche performante<\/strong><\/h2>\n<p>Avec une capacit\u00e9 de 2 ml, la cartouche du Klypse poss\u00e8de une r\u00e9sistance en mesh sp\u00e9cialement \u00e9tudi\u00e9e pour d\u00e9livrer une chaleur convenable \u00e0 faible puissance tout en maintenant un rendu de saveur optimal. Son airflow MTL (tirage serr\u00e9) est parfaitement adapt\u00e9 au vapoteurs d\u00e9butants et aux liquides en sel de nicotine<\/p>\n<h2><strong>L&rsquo;hygi\u00e8ne avant tout<\/strong><\/h2>\n<p>Le Klypse est accompagn\u00e9 d&rsquo;un capuchon clipsable pour un transport en toute propret\u00e9 afin d&rsquo;\u00e9viter que des poussi\u00e8res ou autres s&rsquo;introduisent dans l&#8217;embout buccal<\/p>\n<p>Ce capuchon est dot\u00e9 d&rsquo;une fixation magn\u00e9tique permettant de l&rsquo;attacher au bas du kit Klypse lors de son utilisation afin ne pas l&rsquo;\u00e9garer<\/p>\n","protected":false},"excerpt":{"rendered":"<p>Batterie : 700 mAh int\u00e9gr\u00e9e<\/p>\n<p>Cartouche : 2ML<\/p>\n<p>Puissance : 16W max.<\/p>\n<p>R\u00e9glable : Non<\/p>\n<p>Airflow : Non<\/p>\n<p>Dimensions : 94mm x 29mm x 15,2mm<\/p>\n<p>Inhalation : MTL \/ Tirage Serr\u00e9<\/p>\n<p>Type de r\u00e9sistance : Cartouche Klypse (une incluse)<\/p>\n<p>e-liquide 10ml au choix <strong>OFFERT<\/strong><\/p>\n","protected":false},"featured_media":190,"comment_status":"open","ping_status":"closed","template":"","meta":{"_et_pb_use_builder":"off","_et_pb_old_content":"<h2><strong>Le kit id\u00e9al pour d\u00e9buter en toute simplicit\u00e9<\/strong><\/h2>\r\nSans bouton, sans r\u00e9glages et avec un remplissage lat\u00e9ral simple, le kit Klypse rend l'acc\u00e8s au vapotage facile.\r\n\r\nIl suffit de remplir la cartouche et c'est pr\u00eat !\r\n\r\nAvec une autonomie de 700 mAh optimis\u00e9e pour son design compact, sa charge rapide par USB-C et gr\u00e2ce \u00e0 sa cartouche peu \u00e9nergivore, le Klypse de chez Innokin restera performant tout au long de votre journ\u00e9e","_et_gb_content_width":""},"product_cat":[27,25],"product_tag":[],"class_list":{"0":"post-189","1":"product","2":"type-product","3":"status-publish","4":"has-post-thumbnail","6":"product_cat-e-cigarettes","7":"product_cat-cigarette-electronique","9":"first","10":"instock","11":"taxable","12":"shipping-taxable","13":"purchasable","14":"product-type-variable"},"_links":{"self":[{"href":"https:\/\/wp.kyubeek.com\/index.php?rest_route=\/wp\/v2\/product\/189","targetHints":{"allow":["GET"]}}],"collection":[{"href":"https:\/\/wp.kyubeek.com\/index.php?rest_route=\/wp\/v2\/product"}],"about":[{"href":"https:\/\/wp.kyubeek.com\/index.php?rest_route=\/wp\/v2\/types\/product"}],"replies":[{"embeddable":true,"href":"https:\/\/wp.kyubeek.com\/index.php?rest_route=%2Fwp%2Fv2%2Fcomments&post=189"}],"wp:featuredmedia":[{"embeddable":true,"href":"https:\/\/wp.kyubeek.com\/index.php?rest_route=\/wp\/v2\/media\/190"}],"wp:attachment":[{"href":"https:\/\/wp.kyubeek.com\/index.php?rest_route=%2Fwp%2Fv2%2Fmedia&parent=189"}],"wp:term":[{"taxonomy":"product_cat","embeddable":true,"href":"https:\/\/wp.kyubeek.com\/index.php?rest_route=%2Fwp%2Fv2%2Fproduct_cat&post=189"},{"taxonomy":"product_tag","embeddable":true,"href":"https:\/\/wp.kyubeek.com\/index.php?rest_route=%2Fwp%2Fv2%2Fproduct_tag&post=189"}],"curies":[{"name":"wp","href":"https:\/\/api.w.org\/{rel}","templated":true}]}}